{"id":4,"date":"2018-02-17T11:54:32","date_gmt":"2018-02-17T11:54:32","guid":{"rendered":"https:\/\/www.exatec.fi\/?page_id=4"},"modified":"2022-02-01T06:17:21","modified_gmt":"2022-02-01T06:17:21","slug":"exatec-oy","status":"publish","type":"page","link":"https:\/\/www.exatec.fi\/","title":{"rendered":"Exatec Oy"},"content":{"rendered":"<h6>\u00a0<\/h6>\n<h2>Exatec auttaa kun teollisuuden laitteet reistaavat.<\/h2>\n<p><span style=\"color: #808080;\">Exatec Oy tiet\u00e4\u00e4 mit\u00e4 tehd\u00e4 kun ty\u00f6st\u00f6koneet tai muut teollisuuden laitteet pys\u00e4htyv\u00e4t yll\u00e4tt\u00e4en. Sijaitsemme Tampereen kupeessa Pirkkalassa. Toimimme Pirkanmaalla, Satakunnassa ja Kanta-H\u00e4meess\u00e4. <span style=\"text-align: left; text-transform: none; text-indent: 0px; letter-spacing: normal; font-family: 'Noto Serif'; font-size: 16px; font-style: normal; font-variant: normal; font-weight: 400; text-decoration: none; word-spacing: 0px; display: inline !important; white-space: normal; cursor: text; orphans: 2; float: none; -webkit-text-stroke-width: 0px; background-color: transparent;\">Usein ehdimme h\u00e4tiin jo samana p\u00e4iv\u00e4n\u00e4.<\/span> <span style=\"text-align: left; text-transform: none; text-indent: 0px; letter-spacing: normal; font-family: 'Noto Serif'; font-size: 16px; font-style: normal; font-variant: normal; font-weight: 400; text-decoration: none; word-spacing: 0px; display: inline !important; white-space: normal; cursor: text; orphans: 2; float: none; -webkit-text-stroke-width: 0px; background-color: transparent;\">Osaamisemme juuret ovat konepajojen CNC-ty\u00f6st\u00f6koneissa, joiden korjaamisesta ja vianhausta meill\u00e4 on eritt\u00e4in vankka kokemus.<\/span>\u00a0 Meid\u00e4t tunnetaan nopeina ja huolellisina ammattilaisina joilla on hyvin laaja-alainen tietotaito. Omaamme kaikkiaan yli 30 vuoden kokemuksen, teollisuuden koneiden korjaamisesta ja huoltamisesta.<\/span><\/p>\n<p><span style=\"color: #808080;\">Ydinosaamisemme on vianhaku ja -korjaus.<\/span><\/p>\n<p><span style=\"color: #808080;\">1. Etsimme vian<\/span><\/p>\n<p><span style=\"color: #808080;\">2. Hankimme osat<\/span><\/p>\n<p><span style=\"color: #808080;\">3. Laitamme koneen kuntoon<\/span><\/p>\n<p>\u00a0<\/p>\n\n\n<h2 class=\"wp-block-heading\" id=\"metallintyostokoneiden-korjaukset\">Metallinty\u00f6st\u00f6koneiden korjaukset<\/h2>\n\n\n\n<p>Korjaamme ja huollamme manuaali ja CNC-ohjatut metallinty\u00f6st\u00f6koneet. Meill\u00e4 on laaja osaaminen eri ohjauksista kuten Siemens, Fanuc, Heidenhain ja Mazak. Tunnemme hyvin Heidenhain mittalaitteet ja teemme mittasauvojen huollot.&nbsp;Teemme koneisiin my\u00f6s paljon k\u00e4ytt\u00e4jien toivomia parannuksia, kuten lis\u00e4valaistusta, k\u00e4siohjaimia, painikkeiden siirtoja yms.<\/p>\n\n\n\n<p>Tunnemme erilaisten koneiden toimintaperiaatteet ja lis\u00e4laitteet. Tuttuja ovat mm. vaaka- ja karusellisorvit, ty\u00f6st\u00f6keskukset, hammastuskoneet, jyrsinkoneet, aarporat, erilaiset hiomakoneet, kiilaurakoneet, pistokoneet, sahat ja porat.<\/p>\n\n\n\n<p>Tuttuja valmistajia ovat mm. Burkhardt &amp; Webber, Daewoo, Reishauer, Pfauter, Mazak, Index, Okuma, Quaser, Mori-Seiki, Danobat, Pama, Nakamura, Wema, Valmet\/Fastems, Kellenberger, IMT, TOS, Union, Yasda, Traub, Huller &amp; Hille, Richardon.<\/p>\n\n\n\n<p>Lakkasiko lastuaminen? Soita meille!<\/p>\n\n\n\n<h2 class=\"wp-block-heading\" id=\"puuntyostokoneiden-korjaukset\">Puunty\u00f6st\u00f6koneiden korjaukset<\/h2>\n\n\n\n<p>Korjaamme manuaali ja CNC-puunty\u00f6st\u00f6koneita kuten keskukset, listoituskoneet, sirkkelit, katkaisusahat, vannesahat, h\u00f6yl\u00e4t, puristimet, nauhakoneet jne. Tutuimpia valmistajia ovat altendorf, homag, brandt, masterwood ja morbidelli.<\/p>\n\n\n\n<h2 class=\"wp-block-heading\" id=\"pesuloiden-laitteet-ja-muut-teollisuuden-koneet\">Pesuloiden laitteet ja muut teollisuuden koneet<\/h2>\n\n\n\n<p>Korjaamme my\u00f6s muiden teollisuuden alojen laitteita kuten pesulakoneita. Suuria pyykinpesukoneita (Milnor, Jensen, Lavamac), mankeleita, kuivureita, tunnelipr\u00e4ssej\u00e4, taittelijoita ja h\u00f6yrysilityskeskuksia.<\/p>\n\n\n\n<p>Asiakkaidemme tarpeet eiv\u00e4t rajoitu pelkkiin ty\u00f6st\u00f6koneisiin ja siksi meille on kehittynyt ammattitaito ja tuntemus jolla laitamme koneen kuin koneen kuntoon. Olemme perehtyneet lis\u00e4ksi mm. uuneihin, kuljettimiin, viilauskoneisiin, karkaisu-uuneihin, alumiininvalukoneisiin, logiikka ohjauksiin, autoklaaveihin, hiekkasinkoihin, raepuhalluskoneisiin, servok\u00e4ytt\u00f6ihin ja taajuusmuuttaja ohjauksiin, sahoihin, pneumatiikkaan, teroituskoneisiin, induktiokarkaisuun, suodatuslaitteisiin, s\u00e4r\u00f6tarkastuskoneisiin, imureihin, hydrauliikka laitteisiin, mittalaitteisiin jne jne.<\/p>\n\n\n\n<p>Loppuiko laitteen laulu? Ota yhteytt\u00e4!<\/p>\n","protected":false},"excerpt":{"rendered":"<p>\u00a0 Exatec auttaa kun teollisuuden laitteet reistaavat. Exatec Oy tiet\u00e4\u00e4 mit\u00e4 tehd\u00e4 kun ty\u00f6st\u00f6koneet tai muut teollisuuden laitteet pys\u00e4htyv\u00e4t yll\u00e4tt\u00e4en. Sijaitsemme Tampereen kupeessa Pirkkalassa. Toimimme Pirkanmaalla, Satakunnassa ja Kanta-H\u00e4meess\u00e4. Usein ehdimme h\u00e4tiin jo samana p\u00e4iv\u00e4n\u00e4. Osaamisemme juuret ovat konepajojen CNC-ty\u00f6st\u00f6koneissa, joiden korjaamisesta ja vianhausta meill\u00e4 on eritt\u00e4in vankka kokemus.\u00a0 Meid\u00e4t tunnetaan nopeina ja huolellisina ammattilaisina [&hellip;]<\/p>\n","protected":false},"author":1,"featured_media":0,"parent":0,"menu_order":0,"comment_status":"closed","ping_status":"closed","template":"","meta":{"footnotes":""},"class_list":["post-4","page","type-page","status-publish","hentry"],"_links":{"self":[{"href":"https:\/\/www.exatec.fi\/index.php?rest_route=\/wp\/v2\/pages\/4","targetHints":{"allow":["GET"]}}],"collection":[{"href":"https:\/\/www.exatec.fi\/index.php?rest_route=\/wp\/v2\/pages"}],"about":[{"href":"https:\/\/www.exatec.fi\/index.php?rest_route=\/wp\/v2\/types\/page"}],"author":[{"embeddable":true,"href":"https:\/\/www.exatec.fi\/index.php?rest_route=\/wp\/v2\/users\/1"}],"replies":[{"embeddable":true,"href":"https:\/\/www.exatec.fi\/index.php?rest_route=%2Fwp%2Fv2%2Fcomments&post=4"}],"version-history":[{"count":22,"href":"https:\/\/www.exatec.fi\/index.php?rest_route=\/wp\/v2\/pages\/4\/revisions"}],"predecessor-version":[{"id":201,"href":"https:\/\/www.exatec.fi\/index.php?rest_route=\/wp\/v2\/pages\/4\/revisions\/201"}],"wp:attachment":[{"href":"https:\/\/www.exatec.fi\/index.php?rest_route=%2Fwp%2Fv2%2Fmedia&parent=4"}],"curies":[{"name":"wp","href":"https:\/\/api.w.org\/{rel}","templated":true}]}}